{"id":116,"date":"2019-09-04T20:19:01","date_gmt":"2019-09-04T18:19:01","guid":{"rendered":"https:\/\/kroatisk.katolsk.no\/?page_id=116"},"modified":"2019-12-24T21:16:23","modified_gmt":"2019-12-24T20:16:23","slug":"ostalo","status":"publish","type":"page","link":"https:\/\/kroatisk.katolsk.no\/?page_id=116","title":{"rendered":"Ostalo"},"content":{"rendered":"\n<h4 class=\"wp-block-heading\">KOJOJ \u017dUPI PRIPADAM<\/h4>\n\n\n\n<p>Mi smo katoli\u010dka crkva i zato svatko pripada katoli\u010dkoj \u017eupi na \u010dijem teritoriju \u017eivi, bez obzira koje je nacionalnosti \u017eupnik. To zna\u010di da se uvijek mo\u017ee obratiti \u017eupniku te \u017eupe, jer je on i va\u0161 \u017eupnik, a naravno da se i uvijek mo\u017eete obratiti na H.K. Misiju i u\u010dinit \u0107emo \u0161to god mo\u017eemo. Budu\u0107i da je samo jedna H.K. Misija u cijeloj Norve\u0161koj, te\u0161ko je do\u0107i do svih, jer je Norve\u0161ka dosta prostrana, ali nastojimo koliko mo\u017eemo.  U slijede\u0107em linku mo\u017eete upisati va\u0161 po\u0161tanski broj i prona\u0107i kojoj katoli\u010dkoj \u017eupi i gdje se mo\u017eete obratiti: <\/p>\n\n\n\n<p><a href=\"http:\/\/www.katolsk.no\/organisasjon\/norge\/postsogn  \">http:\/\/www.katolsk.no\/organisasjon\/norge\/postsogn  <\/a><\/p>\n\n\n\n<ul class=\"wp-block-list\"><li><\/li><li> <a href=\"https:\/\/services.katolsk.no\/registrering\/\">Medlemskap<\/a> <\/li><\/ul>\n\n\n\n<h4 class=\"wp-block-heading\">BLAGOSLOV OBITELJI<\/h4>\n\n\n\n<p>Obi\u010daj je u na\u0161eg naroda blagosloviti obitelj u bo\u017ei\u0107nom vremenu, ali mo\u017ee se i izvan toga vremena. Tko \u017eeli da mu sve\u0107enik do\u0111e i blagoslovi obitelj naka se javiti u Misiju.<\/p>\n\n\n\n<h4 class=\"wp-block-heading\">SPROVOD<\/h4>\n\n\n\n<ul class=\"wp-block-list\"><li>Ako \u017eelite sprovod, va\u0161im pokojnima, na hrvatskom jeziku (ili djelomi\u010dno hrvatski, djelomi\u010dno norve\u0161ki, jer dosta puta ne znaju svi, koji do\u0111u na sprovod, hrvatski ) javite se u Misiju<\/li><li>Ako \u017eelite da sprovod bude na norve\u0161kom javite se va\u0161em mjesnom (katoli\u010dkom)  \u017eupniku (vidi &laquo;KOJOJ \u017dUPI PRIPADAM&raquo;)<\/li><\/ul>\n","protected":false},"excerpt":{"rendered":"<p>KOJOJ \u017dUPI PRIPADAM Mi smo katoli\u010dka crkva i zato svatko pripada katoli\u010dkoj \u017eupi na \u010dijem teritoriju \u017eivi, bez obzira koje je nacionalnosti \u017eupnik. To zna\u010di da se uvijek mo\u017ee obratiti \u017eupniku te \u017eupe, jer je on i va\u0161 \u017eupnik, a&#8230; <a class=\"more-link\" href=\"https:\/\/kroatisk.katolsk.no\/?page_id=116\">Fortsett \u00e5 lese &rarr;<\/a><\/p>\n","protected":false},"author":3,"featured_media":148,"parent":0,"menu_order":0,"comment_status":"closed","ping_status":"closed","template":"","meta":{"footnotes":""},"class_list":["post-116","page","type-page","status-publish","has-post-thumbnail","hentry"],"_links":{"self":[{"href":"https:\/\/kroatisk.katolsk.no\/index.php?rest_route=\/wp\/v2\/pages\/116","targetHints":{"allow":["GET"]}}],"collection":[{"href":"https:\/\/kroatisk.katolsk.no\/index.php?rest_route=\/wp\/v2\/pages"}],"about":[{"href":"https:\/\/kroatisk.katolsk.no\/index.php?rest_route=\/wp\/v2\/types\/page"}],"author":[{"embeddable":true,"href":"https:\/\/kroatisk.katolsk.no\/index.php?rest_route=\/wp\/v2\/users\/3"}],"replies":[{"embeddable":true,"href":"https:\/\/kroatisk.katolsk.no\/index.php?rest_route=%2Fwp%2Fv2%2Fcomments&post=116"}],"version-history":[{"count":5,"href":"https:\/\/kroatisk.katolsk.no\/index.php?rest_route=\/wp\/v2\/pages\/116\/revisions"}],"predecessor-version":[{"id":186,"href":"https:\/\/kroatisk.katolsk.no\/index.php?rest_route=\/wp\/v2\/pages\/116\/revisions\/186"}],"wp:featuredmedia":[{"embeddable":true,"href":"https:\/\/kroatisk.katolsk.no\/index.php?rest_route=\/wp\/v2\/media\/148"}],"wp:attachment":[{"href":"https:\/\/kroatisk.katolsk.no\/index.php?rest_route=%2Fwp%2Fv2%2Fmedia&parent=116"}],"curies":[{"name":"wp","href":"https:\/\/api.w.org\/{rel}","templated":true}]}}