{"id":59,"date":"2019-09-02T19:54:50","date_gmt":"2019-09-02T17:54:50","guid":{"rendered":"https:\/\/kroatisk.katolsk.no\/?page_id=59"},"modified":"2026-04-04T09:20:32","modified_gmt":"2026-04-04T07:20:32","slug":"raspored-sv-misa-2","status":"publish","type":"page","link":"https:\/\/kroatisk.katolsk.no\/?page_id=59","title":{"rendered":"Mise"},"content":{"rendered":"\n<ul class=\"wp-block-list\">\n<li>za detaljnije informacije,  javite se na  <em><a href=\"mailto:kroatisk.misjon@katolsk.no\">kroatisk.misjon@katolsk.no<\/a><\/em>, ili mob. 947 88 482 <\/li>\n<\/ul>\n\n\n\n<h4 class=\"wp-block-heading\">Oslo<\/h4>\n\n\n\n<ul class=\"wp-block-list\">\n<li><span style=\"text-decoration: underline;\">Svake nedjelje<\/span> u 11.00 sati <\/li>\n\n\n\n<li>Tako\u0111er na Badnjak, Bo\u017ei\u0107, Uskrs ,Staru i Novu godinu.\n<ul class=\"wp-block-list\">\n<li>24.12. <strong>Badnjak, <\/strong>11 sati sv. misa u Oslu<\/li>\n\n\n\n<li>Polno\u0107ka po dogovoru <\/li>\n\n\n\n<li>25.12. <strong>Bo\u017ei\u0107<\/strong>, 11 sati sv. misa u Oslu<\/li>\n\n\n\n<li>31.12. <strong>Stara Godina<\/strong>, u 11 sati sv. misa u Oslu<\/li>\n\n\n\n<li>01.01. <strong>Nova Godina<\/strong>, u 11 sati sv. misa u Oslu <\/li>\n\n\n\n<li>05.04.Uskrs ,11:00 sati Sv.misa Oslo<\/li>\n<\/ul>\n<\/li>\n\n\n\n<li><a href=\"https:\/\/www.google.no\/maps\/search\/St.+Joseph+kirke,+Akersveien+4,+0177+Oslo\/@59.9187129,10.7425615,17z\/data=!3m1!4b1?hl=no\">St. Joseph kirke, Akersveien 4, 0177 Oslo<\/a><\/li>\n\n\n\n<li><\/li>\n<\/ul>\n\n\n\n<h4 class=\"wp-block-heading\">Askim <\/h4>\n\n\n\n<ul class=\"wp-block-list\">\n<li>(2026) 2. subota u mjesecu, u <span style=\"text-decoration: underline;\">17:30sati <\/span><\/li>\n\n\n\n<li><span style=\"text-decoration: underline;\">iza mise zajedni\u010dko dru\u017eenje<\/span> uz kavu i kola\u010de\n<ul class=\"wp-block-list\">\n<li>Sije\u010danj \/ Januar 10\n<ul class=\"wp-block-list\">\n<li>Velja\u010da \/ Februar 14<\/li>\n\n\n\n<li>O\u017eujak \/ Mars 14<\/li>\n\n\n\n<li>Travanj \/ April 06. <strong>16:00 sati<\/strong> (<strong>2. dan Uskrsa<\/strong>)<\/li>\n\n\n\n<li>Svibanj \/ Mai 09<\/li>\n\n\n\n<li>.Lipanj \/ Juni 13<\/li>\n\n\n\n<li> <strong>nema <\/strong> u<strong> 7. i 8.<\/strong> mjesecu <\/li>\n\n\n\n<li>Rujan \/ September 12<\/li>\n\n\n\n<li>Listopad \/ Oktober 10<\/li>\n\n\n\n<li>Studeni \/ November 14<\/li>\n\n\n\n<li>Prosinac \/ Desember 26 <strong>16:00 sati<\/strong> (<strong>2. dan Bo\u017ei\u0107a<\/strong>)<\/li>\n<\/ul>\n<\/li>\n<\/ul>\n<\/li>\n<\/ul>\n\n\n\n<ul class=\"wp-block-list\">\n<li><a href=\"https:\/\/www.google.no\/maps\/place\/St+Maria+katolske+menighet+i+Askim\/@59.5791916,11.1752933,17z\/data=!3m1!4b1!4m5!3m4!1s0x4643e49dedbed139:0x5bd3ea1f5070e852!8m2!3d59.5791889!4d11.177482?hl=no\">St. Maria kirke, Furusethveien 2, 1811 Askim<\/a><\/li>\n<\/ul>\n\n\n\n<h4 class=\"wp-block-heading\">Moss <\/h4>\n\n\n\n<ul class=\"wp-block-list\">\n<li>(2026)Misa u 18;00 sati<\/li>\n\n\n\n<li><span style=\"text-decoration: underline;\">iza mise zajedni\u010dko dru\u017eenje<\/span> uz kavu i kola\u010de\n<ul class=\"wp-block-list\">\n<li>Sije\u010danj \/ Januar 03. i 17<\/li>\n\n\n\n<li>Velja\u010da \/ Februar 07. i 21.<\/li>\n\n\n\n<li>O\u017eujak \/ Mars 07. i 21.<\/li>\n\n\n\n<li>Travanj \/ April 06 .- <strong>12:00 sati<\/strong> (<strong>2 dan Uskrsa<\/strong>)<\/li>\n\n\n\n<li>Svibanj \/ Mai 02. i 16.<\/li>\n\n\n\n<li>Lipanj \/ Juni 06 i 20.<\/li>\n\n\n\n<li> <strong>nema <\/strong> u<strong> 7. i 8.<\/strong> mjesecu <\/li>\n\n\n\n<li>.Rujan \/ September 05.i 19<\/li>\n\n\n\n<li>Listopad \/ Oktober 03. i 17.<\/li>\n\n\n\n<li>Studeni \/ November 07. i 29.<\/li>\n\n\n\n<li>Prosinac \/ Desember 26 <strong>12:00 sati<\/strong> (<strong>2. dan Bo\u017ei\u0107a<\/strong>)<\/li>\n<\/ul>\n<\/li>\n\n\n\n<li><a href=\"https:\/\/www.google.no\/maps\/place\/St.+Mikael+kirke\/@59.4341316,10.6581008,17z\/data=!3m1!4b1!4m5!3m4!1s0x46414d622cbca093:0xf08808813c87b7ed!8m2!3d59.4341289!4d10.6602895?hl=no\">St. Mikael kirke, Kirkegata 11, 1531 Moss<\/a><br><\/li>\n<\/ul>\n\n\n\n<h4 class=\"wp-block-heading\">Jessheim  <\/h4>\n\n\n\n<ul class=\"wp-block-list\">\n<li>(2026) svaka 1. nedjelja u mjesecu, u <span style=\"text-decoration: underline;\">17:30 sati<\/span><\/li>\n\n\n\n<li><span style=\"text-decoration: underline;\">iza mise zajedni\u010dko dru\u017eenje<\/span> uz kavu i kola\u010de\n<ul class=\"wp-block-list\">\n<li>Sije\u010danj \/ Januar 04<\/li>\n\n\n\n<li>Velja\u010da \/ Februar 01<\/li>\n\n\n\n<li>O\u017eujak \/ Mars 01<\/li>\n\n\n\n<li>Travanj \/ April 05<\/li>\n\n\n\n<li>Svibanj \/ Mai 03<\/li>\n\n\n\n<li>Lipanj \/ Juni 07<\/li>\n\n\n\n<li> <strong>nema <\/strong> u<strong> 7. i 8.<\/strong> mjesecu <\/li>\n\n\n\n<li>Rujan \/ September 06<\/li>\n\n\n\n<li>Listopad \/ Oktober 04<\/li>\n\n\n\n<li>Studeni \/ November 01<\/li>\n\n\n\n<li>Prosinac \/ Desember 06<\/li>\n<\/ul>\n<\/li>\n\n\n\n<li><a href=\"https:\/\/www.google.no\/maps\/place\/St.+Gudmund+Katolske+Menighet\/@60.1491734,11.1502788,17z\/data=!3m1!4b1!4m5!3m4!1s0x4641804f952a0f5d:0x5261417654886b9!8m2!3d60.1491707!4d11.1524675?hl=no\">St. Gudmund kirke, Holenbrauta 7, 2067 Jessheim<\/a><\/li>\n<\/ul>\n\n\n\n<h4 class=\"wp-block-heading\">T\u00f8nsberg<\/h4>\n\n\n\n<ul class=\"wp-block-list\">\n<li>(2026)4. nedjelja u mjesecu, <span style=\"text-decoration: underline;\">u 16:00 sati<\/span><\/li>\n\n\n\n<li><span style=\"text-decoration: underline;\">iza mise<\/span> zajedni\u010dkodru\u017eenje\n<ul class=\"wp-block-list\">\n<li>Sije\u010danj \/ Januar. 25\n<ul class=\"wp-block-list\">\n<li>Velja\u010da \/ Februar 22<\/li>\n\n\n\n<li>O\u017eujak \/ Mars 22<\/li>\n\n\n\n<li>Travanj \/ April 26<\/li>\n\n\n\n<li>Svibanj \/ Mai 24<\/li>\n\n\n\n<li>Lipanj \/ Juni 28<\/li>\n\n\n\n<li> <strong>nema <\/strong> u<strong> 7. i 8.<\/strong> mjesecu <\/li>\n\n\n\n<li>Rujan \/ September 27<\/li>\n\n\n\n<li>Listopad \/ Oktober 25<\/li>\n\n\n\n<li>23.Studeni \/ November 22<\/li>\n\n\n\n<li>Prosinac \/ Desember 27<\/li>\n<\/ul>\n<\/li>\n<\/ul>\n<\/li>\n<\/ul>\n\n\n\n<ul class=\"wp-block-list\">\n<li><a href=\"https:\/\/www.google.no\/maps\/place\/St+Olav+katolske+kirke\/@59.2667249,10.4198104,17z\/data=!3m1!4b1!4m5!3m4!1s0x4646b73904f2b931:0x8bbda4a5f84de35c!8m2!3d59.2667222!4d10.4219991?hl=no\">St. Olav kirke, Botnegaten 22, 3112 T\u00f8nsberg<\/a><\/li>\n<\/ul>\n\n\n\n<h4 class=\"wp-block-heading\">Bergen<\/h4>\n\n\n\n<ul class=\"wp-block-list\">\n<li>Povremeno (mo\u017eete poslati SMS ili nazvati na mob.: 947 88 482) <\/li>\n\n\n\n<li> <span style=\"text-decoration: underline;\">iza mise zajedni\u010dko dru\u017eenje<\/span> uz kavu i kola\u010de <\/li>\n\n\n\n<li>Pratite oglase ovdje i na na\u0161oj Facebook stranici.<\/li>\n\n\n\n<li> <a href=\"https:\/\/www.google.com\/maps\/place\/St+Franciskus+S%C3%B8strene+(+Marias+Minde+)\/@60.4310518,5.2901044,15z\/data=!4m5!3m4!1s0x0:0x1903cf9f7259d72c!8m2!3d60.4310518!4d5.2901044\">St Franciskus S\u00f8strene (Marias Minde)<\/a> <\/li>\n<\/ul>\n\n\n\n<h4 class=\"wp-block-heading\">F\u00f8rde<\/h4>\n\n\n\n<ul class=\"wp-block-list\">\n<li>Povremeno  (mo\u017eete poslati SMS ili nazvati na mob.: 947 88 482) <\/li>\n\n\n\n<li><span style=\"text-decoration: underline;\">iza mise zajedni\u010dko dru\u017eenje <\/span>uz kavu i kola\u010de <\/li>\n<\/ul>\n\n\n\n<h4 class=\"wp-block-heading\">Kristiansand<\/h4>\n\n\n\n<ul class=\"wp-block-list\">\n<li>Povremeno   (mo\u017eete poslati SMS ili nazvati na mob.: 947 88 482) <\/li>\n\n\n\n<li><span style=\"text-decoration: underline;\">iza mise zajedni\u010dko dru\u017eenje<\/span> uz kavu i kola\u010de<\/li>\n\n\n\n<li><a href=\"https:\/\/www.google.com\/maps\/place\/Kirkegata+3,+4610+Kristiansand\/@58.1446938,7.9956894,17z\/data=!3m1!4b1!4m5!3m4!1s0x4638025df1e75993:0x2d7429008ac377cc!8m2!3d58.144691!4d7.9978781\">Kirkegata 3 4610 Kristiansand<\/a><\/li>\n<\/ul>\n\n\n\n<h4 class=\"wp-block-heading\">Trondheim<\/h4>\n\n\n\n<ul class=\"wp-block-list\">\n<li>Povremeno  (mo\u017eete poslati SMS ili nazvati na mob.: 947 88 482) <\/li>\n\n\n\n<li><span style=\"text-decoration: underline;\">iza mise zajedni\u010dko dru\u017eenje <\/span>uz kavu i kola\u010de<\/li>\n\n\n\n<li><a href=\"https:\/\/www.google.no\/maps\/place\/Sverres+gate+1,+7012+Trondheim\/@63.4258216,10.3878826,17z\/data=!3m1!4b1!4m5!3m4!1s0x466d319039a739ef:0xf2173a47e04f5b70!8m2!3d63.4258216!4d10.3900713?hl=no\">Sverres gate 1, 7012 Trondheim<\/a>  <\/li>\n<\/ul>\n\n\n\n<h4 class=\"wp-block-heading\">Stavanger<\/h4>\n\n\n\n<ul class=\"wp-block-list\">\n<li>Povremeno  (mo\u017eete poslati SMS ili nazvati na mob.: 947 88 482) <\/li>\n\n\n\n<li><span style=\"text-decoration: underline;\">iza mise zajedni\u010dko dru\u017eenje<\/span> uz kavu i kola\u010de<\/li>\n\n\n\n<li><a href=\"https:\/\/www.google.com\/maps\/place\/St.+Svithuns+gate+8,+4005+Stavanger\/@58.9659635,5.7277952,17z\/data=!3m1!4b1!4m5!3m4!1s0x463a3547d64b1c15:0xfe435e54a2cf7303!8m2!3d58.9659608!4d5.7299839\">St. Svithuns gate 8, Stavanger<\/a> (kapelica)<\/li>\n<\/ul>\n\n\n\n<h4 class=\"wp-block-heading\">Ostala mjesta<\/h4>\n\n\n\n<p>Ako \u017eelite li da se sveta misa slavi u va\u0161em mjestu? <br>Javite se na  <em><a href=\"mailto:kroatisk.misjon@katolsk.no\">kroatisk.misjon@katolsk.no<\/a><\/em>, pa \u0107emo vidjeti mogu\u0107nosti.<\/p>\n","protected":false},"excerpt":{"rendered":"<p>Oslo Askim Moss Jessheim T\u00f8nsberg Bergen F\u00f8rde Kristiansand Trondheim Stavanger Ostala mjesta Ako \u017eelite li da se sveta misa slavi u va\u0161em mjestu? Javite se na kroatisk.misjon@katolsk.no, pa \u0107emo vidjeti mogu\u0107nosti.<\/p>\n","protected":false},"author":3,"featured_media":126,"parent":0,"menu_order":0,"comment_status":"closed","ping_status":"closed","template":"","meta":{"footnotes":""},"class_list":["post-59","page","type-page","status-publish","has-post-thumbnail","hentry"],"_links":{"self":[{"href":"https:\/\/kroatisk.katolsk.no\/index.php?rest_route=\/wp\/v2\/pages\/59","targetHints":{"allow":["GET"]}}],"collection":[{"href":"https:\/\/kroatisk.katolsk.no\/index.php?rest_route=\/wp\/v2\/pages"}],"about":[{"href":"https:\/\/kroatisk.katolsk.no\/index.php?rest_route=\/wp\/v2\/types\/page"}],"author":[{"embeddable":true,"href":"https:\/\/kroatisk.katolsk.no\/index.php?rest_route=\/wp\/v2\/users\/3"}],"replies":[{"embeddable":true,"href":"https:\/\/kroatisk.katolsk.no\/index.php?rest_route=%2Fwp%2Fv2%2Fcomments&post=59"}],"version-history":[{"count":85,"href":"https:\/\/kroatisk.katolsk.no\/index.php?rest_route=\/wp\/v2\/pages\/59\/revisions"}],"predecessor-version":[{"id":8591,"href":"https:\/\/kroatisk.katolsk.no\/index.php?rest_route=\/wp\/v2\/pages\/59\/revisions\/8591"}],"wp:featuredmedia":[{"embeddable":true,"href":"https:\/\/kroatisk.katolsk.no\/index.php?rest_route=\/wp\/v2\/media\/126"}],"wp:attachment":[{"href":"https:\/\/kroatisk.katolsk.no\/index.php?rest_route=%2Fwp%2Fv2%2Fmedia&parent=59"}],"curies":[{"name":"wp","href":"https:\/\/api.w.org\/{rel}","templated":true}]}}