{"id":64,"date":"2019-09-02T20:04:05","date_gmt":"2019-09-02T18:04:05","guid":{"rendered":"https:\/\/kroatisk.katolsk.no\/?page_id=64"},"modified":"2019-12-13T19:51:48","modified_gmt":"2019-12-13T18:51:48","slug":"o-nama","status":"publish","type":"page","link":"https:\/\/kroatisk.katolsk.no\/?page_id=64","title":{"rendered":"O nama"},"content":{"rendered":"\n<p class=\"has-large-font-size\">Hrvatska katoli\u010dka misija u Norve\u0161koj<a href=\"https:\/\/kroatisk.katolsk.no\/\"><\/a><\/p>\n\n\n\n<p>Misija, na\u017ealost, nije u mogu\u0107nosti pomo\u0107i oko tra\u017eenja posla, smje\u0161taja i sli\u010dnih stvari. Kontakt je samo za crkvene stvari: sv. misa, sakramenti, molitva&#8230;<\/p>\n\n\n\n<p>Email: <em><a href=\"mailto:kroatisk.misjon@katolsk.no\">kroatisk.misjon@katolsk.no<\/a><\/em><br>Tel: 947 88 482 <br>Facebook: <a href=\"https:\/\/www.facebook.com\/Hrvatska-katoli\u010dka-misija-u-Norve\u0161koj-Kroatisk-katolsk-misjon-i-Norge-698173533626381\/\">Hrvatska katoli\u010dka misija u Norve\u0161koj<\/a><\/p>\n\n\n\n<p><\/p>\n","protected":false},"excerpt":{"rendered":"<p>Hrvatska katoli\u010dka misija u Norve\u0161koj Misija, na\u017ealost, nije u mogu\u0107nosti pomo\u0107i oko tra\u017eenja posla, smje\u0161taja i sli\u010dnih stvari. Kontakt je samo za crkvene stvari: sv. misa, sakramenti, molitva&#8230; Email: kroatisk.misjon@katolsk.noTel: 947 88 482 Facebook: Hrvatska katoli\u010dka misija u Norve\u0161koj<\/p>\n","protected":false},"author":3,"featured_media":0,"parent":0,"menu_order":0,"comment_status":"closed","ping_status":"closed","template":"","meta":{"footnotes":""},"class_list":["post-64","page","type-page","status-publish","hentry"],"_links":{"self":[{"href":"https:\/\/kroatisk.katolsk.no\/index.php?rest_route=\/wp\/v2\/pages\/64","targetHints":{"allow":["GET"]}}],"collection":[{"href":"https:\/\/kroatisk.katolsk.no\/index.php?rest_route=\/wp\/v2\/pages"}],"about":[{"href":"https:\/\/kroatisk.katolsk.no\/index.php?rest_route=\/wp\/v2\/types\/page"}],"author":[{"embeddable":true,"href":"https:\/\/kroatisk.katolsk.no\/index.php?rest_route=\/wp\/v2\/users\/3"}],"replies":[{"embeddable":true,"href":"https:\/\/kroatisk.katolsk.no\/index.php?rest_route=%2Fwp%2Fv2%2Fcomments&post=64"}],"version-history":[{"count":4,"href":"https:\/\/kroatisk.katolsk.no\/index.php?rest_route=\/wp\/v2\/pages\/64\/revisions"}],"predecessor-version":[{"id":171,"href":"https:\/\/kroatisk.katolsk.no\/index.php?rest_route=\/wp\/v2\/pages\/64\/revisions\/171"}],"wp:attachment":[{"href":"https:\/\/kroatisk.katolsk.no\/index.php?rest_route=%2Fwp%2Fv2%2Fmedia&parent=64"}],"curies":[{"name":"wp","href":"https:\/\/api.w.org\/{rel}","templated":true}]}}